{"id":15606,"date":"2025-03-25T13:26:42","date_gmt":"2025-03-25T13:26:42","guid":{"rendered":"https:\/\/www.propiusmagnarealty.com\/?page_id=15606"},"modified":"2025-03-25T23:34:21","modified_gmt":"2025-03-25T23:34:21","slug":"blogs","status":"publish","type":"page","link":"https:\/\/www.propiusmagnarealty.com\/en\/blogs\/","title":{"rendered":"Blogs"},"content":{"rendered":"<div data-elementor-type=\"wp-page\" data-elementor-id=\"15606\" class=\"elementor elementor-15606\">\n\t\t\t\t\t\t<section class=\"elementor-section elementor-top-section elementor-element elementor-element-7f67b56 elementor-section-height-min-height elementor-section-stretched elementor-section-boxed elementor-section-height-default elementor-section-items-middle wpr-particle-no wpr-jarallax-no wpr-parallax-no wpr-sticky-section-no\" data-id=\"7f67b56\" data-element_type=\"section\" data-settings=\"{&quot;background_background&quot;:&quot;video&quot;,&quot;background_video_link&quot;:&quot;https:\\\/\\\/www.propiusmagnarealty.com\\\/wp-content\\\/uploads\\\/2025\\\/03\\\/videoDisenoResidencial.mp4&quot;,&quot;stretch_section&quot;:&quot;section-stretched&quot;}\">\n\t\t\t\t\t\t\t\t<div class=\"elementor-background-video-container elementor-hidden-phone\">\n\t\t\t\t\t\t\t\t\t\t\t\t\t<video class=\"elementor-background-video-hosted elementor-html5-video\" autoplay muted playsinline loop><\/video>\n\t\t\t\t\t\t\t\t\t\t\t<\/div>\n\t\t\t\t\t\t\t\t\t<div class=\"elementor-background-overlay\"><\/div>\n\t\t\t\t\t\t\t<div class=\"elementor-container elementor-column-gap-default\">\n\t\t\t\t\t<div class=\"elementor-column elementor-col-100 elementor-top-column elementor-element elementor-element-4956603\" data-id=\"4956603\" data-element_type=\"column\">\n\t\t\t<div class=\"elementor-widget-wrap elementor-element-populated\">\n\t\t\t\t\t\t<div class=\"elementor-element elementor-element-f0272f8 elementor-widget elementor-widget-heading\" data-id=\"f0272f8\" data-element_type=\"widget\" data-widget_type=\"heading.default\">\n\t\t\t\t<div class=\"elementor-widget-container\">\n\t\t\t<style>\/*! elementor - v3.20.0 - 10-04-2024 *\/\n.elementor-heading-title{padding:0;margin:0;line-height:1}.elementor-widget-heading .elementor-heading-title[class*=elementor-size-]>a{color:inherit;font-size:inherit;line-height:inherit}.elementor-widget-heading .elementor-heading-title.elementor-size-small{font-size:15px}.elementor-widget-heading .elementor-heading-title.elementor-size-medium{font-size:19px}.elementor-widget-heading .elementor-heading-title.elementor-size-large{font-size:29px}.elementor-widget-heading .elementor-heading-title.elementor-size-xl{font-size:39px}.elementor-widget-heading .elementor-heading-title.elementor-size-xxl{font-size:59px}<\/style><h2 class=\"elementor-heading-title elementor-size-default\">BLOG<\/h2>\t\t<\/div>\n\t\t\t\t<\/div>\n\t\t\t\t\t<\/div>\n\t\t<\/div>\n\t\t\t\t\t<\/div>\n\t\t<\/section>\n\t\t\t\t<section class=\"elementor-section elementor-top-section elementor-element elementor-element-6eb2212 elementor-section-content-middle elementor-section-boxed elementor-section-height-default elementor-section-height-default wpr-particle-no wpr-jarallax-no wpr-parallax-no wpr-sticky-section-no\" data-id=\"6eb2212\" data-element_type=\"section\">\n\t\t\t\t\t\t<div class=\"elementor-container elementor-column-gap-default\">\n\t\t\t\t\t<div class=\"elementor-column elementor-col-100 elementor-top-column elementor-element elementor-element-83184f8\" data-id=\"83184f8\" data-element_type=\"column\">\n\t\t\t<div class=\"elementor-widget-wrap elementor-element-populated\">\n\t\t\t\t\t\t<div class=\"elementor-element elementor-element-47d042b arrow-style-1 elementor-widget elementor-widget-kitchor-post-grid\" data-id=\"47d042b\" data-element_type=\"widget\" data-widget_type=\"kitchor-post-grid.default\">\n\t\t\t\t<div class=\"elementor-widget-container\">\n\t\t\t        <div class=\"elementor-post-wrapper layout-post-style-1\">\n            <div class=\"row row\" data-elementor-columns-widescreen=\"2\" data-elementor-columns=\"2\" data-elementor-columns-laptop=\"2\" data-elementor-columns-tablet-extra=\"2\" data-elementor-columns-tablet=\"2\" data-elementor-columns-mobile-extra=\"2\" data-elementor-columns-mobile=\"1\">\n                <div class=\"column-item post-style-1\">\n    <div class=\"post-inner\">\n        <div class=\"post-thumbnail\"><img fetchpriority=\"high\" decoding=\"async\" width=\"454\" height=\"341\" src=\"https:\/\/www.propiusmagnarealty.com\/wp-content\/uploads\/2022\/06\/BLOG-1.webp\" class=\"attachment-kitchor-post-grid size-kitchor-post-grid wp-post-image\" alt=\"\" srcset=\"https:\/\/www.propiusmagnarealty.com\/wp-content\/uploads\/2022\/06\/BLOG-1.webp 454w, https:\/\/www.propiusmagnarealty.com\/wp-content\/uploads\/2022\/06\/BLOG-1-300x225.webp 300w\" sizes=\"(max-width: 454px) 100vw, 454px\" \/><\/div>        <div class=\"entry-content\">\n            <h3 class=\"entry-title\"><a href=\"https:\/\/www.propiusmagnarealty.com\/en\/uncategorized\/a-stunning-classic-shaker-kitchen-in-halesowen\/\" rel=\"bookmark\">Viewing 3D photorealistic in Arq 3D Studio<\/a><\/h3>\n            <div class=\"entry-meta\">\n                <div class=\"posted-on\"><a href=\"https:\/\/www.propiusmagnarealty.com\/en\/uncategorized\/a-stunning-classic-shaker-kitchen-in-halesowen\/\" rel=\"bookmark\">March 25, 2025<\/a><\/div> <div class=\"post-author\"><span>By <a href=\"https:\/\/www.propiusmagnarealty.com\/en\/author\/admin\/\" class=\"url fn\" rel=\"author\">admin<\/a><\/span><\/div>             <\/div>\n            <div class=\"excerpt-content\">&nbsp; We strive to get the maximum quality for a real estate project or visualization, 3D realistic, from the first contact requesting information or budget to the delivery of the last in the established deadlines. In Arq 3D Studio, we put special emphasis on the communication to understand the ideas and maximize...<\/div>\n\n            <div class=\"more-link-wrap\">\n                <a class=\"more-link\" href=\"https:\/\/www.propiusmagnarealty.com\/en\/uncategorized\/a-stunning-classic-shaker-kitchen-in-halesowen\/\">\n                    <span>Read More<\/span>\n                <\/a>\n            <\/div>\n        <\/div>\n    <\/div>\n<\/div>\n<div class=\"column-item post-style-1\">\n    <div class=\"post-inner\">\n        <div class=\"post-thumbnail\"><img decoding=\"async\" width=\"454\" height=\"341\" src=\"https:\/\/www.propiusmagnarealty.com\/wp-content\/uploads\/2022\/06\/Diseno-sin-titulo-2.png\" class=\"attachment-kitchor-post-grid size-kitchor-post-grid wp-post-image\" alt=\"\" srcset=\"https:\/\/www.propiusmagnarealty.com\/wp-content\/uploads\/2022\/06\/Diseno-sin-titulo-2.png 454w, https:\/\/www.propiusmagnarealty.com\/wp-content\/uploads\/2022\/06\/Diseno-sin-titulo-2-300x225.png 300w\" sizes=\"(max-width: 454px) 100vw, 454px\" \/><\/div>        <div class=\"entry-content\">\n            <h3 class=\"entry-title\"><a href=\"https:\/\/www.propiusmagnarealty.com\/en\/accessories\/the-pros-and-cons-of-large-format-porcelain\/\" rel=\"bookmark\">Drones, a great contribution in the marketing of real estate<\/a><\/h3>\n            <div class=\"entry-meta\">\n                <div class=\"posted-on\"><a href=\"https:\/\/www.propiusmagnarealty.com\/en\/accessories\/the-pros-and-cons-of-large-format-porcelain\/\" rel=\"bookmark\">March 25, 2025<\/a><\/div> <div class=\"post-author\"><span>By <a href=\"https:\/\/www.propiusmagnarealty.com\/en\/author\/admin\/\" class=\"url fn\" rel=\"author\">admin<\/a><\/span><\/div>             <\/div>\n            <div class=\"excerpt-content\">Drones have become a great tool for increasing sales, real estate, introducing a new form of exhibit products and real estate over the years. Drones are unmanned aerial vehicles that do not require a pilot to fly and control it by remote control. This makes it easy to...<\/div>\n\n            <div class=\"more-link-wrap\">\n                <a class=\"more-link\" href=\"https:\/\/www.propiusmagnarealty.com\/en\/accessories\/the-pros-and-cons-of-large-format-porcelain\/\">\n                    <span>Read More<\/span>\n                <\/a>\n            <\/div>\n        <\/div>\n    <\/div>\n<\/div>\n            <\/div>\n\n                    <\/div>\n        \t\t<\/div>\n\t\t\t\t<\/div>\n\t\t\t\t\t<\/div>\n\t\t<\/div>\n\t\t\t\t\t<\/div>\n\t\t<\/section>\n\t\t\t\t<\/div>","protected":false},"excerpt":{"rendered":"<p>BLOG Visualizaci\u00f3n 3D fotorrealista en Arq 3D Studio marzo 25, 2025 By admin &nbsp; Nos esforzamos por conseguir la m\u00e1xima calidad para un proyecto inmobiliario o visualizaci\u00f3n 3D realista, desde el primer contacto solicitando informaci\u00f3n o presupuesto hasta la entrega del \u00faltimo en los plazos establecidos. En Arq 3D Studio ponemos especial \u00e9nfasis en la comunicaci\u00f3n para entender las ideas y maximizar la&hellip; Read More Drones, un gran aporte en la comercializaci\u00f3n inmobiliaria marzo 25, 2025 By admin Los drones se han convertido en una gran herramienta para aumentar las ventas inmobiliarias, introduciendo una nueva forma de exhibir productos inmobiliarios a lo largo de los a\u00f1os. Los drones son veh\u00edculos a\u00e9reos no tripulados que no requieren piloto para volar y se controlan por control remoto. Esto facilita el&hellip; Read More<\/p>","protected":false},"author":1,"featured_media":0,"parent":0,"menu_order":0,"comment_status":"closed","ping_status":"closed","template":"elementor_header_footer","meta":{"inline_featured_image":false,"footnotes":""},"class_list":["post-15606","page","type-page","status-publish","hentry"],"_links":{"self":[{"href":"https:\/\/www.propiusmagnarealty.com\/en\/wp-json\/wp\/v2\/pages\/15606","targetHints":{"allow":["GET"]}}],"collection":[{"href":"https:\/\/www.propiusmagnarealty.com\/en\/wp-json\/wp\/v2\/pages"}],"about":[{"href":"https:\/\/www.propiusmagnarealty.com\/en\/wp-json\/wp\/v2\/types\/page"}],"author":[{"embeddable":true,"href":"https:\/\/www.propiusmagnarealty.com\/en\/wp-json\/wp\/v2\/users\/1"}],"replies":[{"embeddable":true,"href":"https:\/\/www.propiusmagnarealty.com\/en\/wp-json\/wp\/v2\/comments?post=15606"}],"version-history":[{"count":10,"href":"https:\/\/www.propiusmagnarealty.com\/en\/wp-json\/wp\/v2\/pages\/15606\/revisions"}],"predecessor-version":[{"id":15692,"href":"https:\/\/www.propiusmagnarealty.com\/en\/wp-json\/wp\/v2\/pages\/15606\/revisions\/15692"}],"wp:attachment":[{"href":"https:\/\/www.propiusmagnarealty.com\/en\/wp-json\/wp\/v2\/media?parent=15606"}],"curies":[{"name":"wp","href":"https:\/\/api.w.org\/{rel}","templated":true}]}}