{"id":16115,"date":"2025-09-06T18:40:28","date_gmt":"2025-09-06T18:40:28","guid":{"rendered":"https:\/\/www.propiusmagnarealty.com\/?post_type=product&#038;p=16115"},"modified":"2025-10-28T02:23:57","modified_gmt":"2025-10-28T02:23:57","slug":"renta-de-propiedades-propios-magna-realty","status":"publish","type":"product","link":"https:\/\/www.propiusmagnarealty.com\/en\/product\/renta-de-propiedades-propios-magna-realty\/","title":{"rendered":"Renta de Propiedades Propius Magna Realty"},"content":{"rendered":"<p>Propius Magna Realty te ofrece un servicio profesional y eficiente para la <b>renta de propiedades<\/b>, asegurando una experiencia sin complicaciones tanto para propietarios como para inquilinos. Nuestro equipo experto se encarga de todo el proceso, desde la promoci\u00f3n y selecci\u00f3n de candidatos hasta la gesti\u00f3n de contratos y mantenimiento.<\/p>","protected":false},"excerpt":{"rendered":"<p>Propius Magna Realty te ofrece un servicio profesional y eficiente para la renta de propiedades, asegurando una experiencia sin complicaciones tanto para propietarios como para inquilinos. Nuestro equipo experto se encarga de todo el proceso, desde la promoci\u00f3n y selecci\u00f3n de candidatos hasta la gesti\u00f3n de contratos y mantenimiento.<\/p>","protected":false},"featured_media":15940,"comment_status":"open","ping_status":"closed","template":"","meta":{"inline_featured_image":false},"product_cat":[15],"product_tag":[],"class_list":{"0":"post-16115","1":"product","2":"type-product","3":"status-publish","4":"has-post-thumbnail","6":"product_cat-uncategorized","8":"first","9":"instock","10":"shipping-taxable","11":"purchasable","12":"product-type-simple"},"_links":{"self":[{"href":"https:\/\/www.propiusmagnarealty.com\/en\/wp-json\/wp\/v2\/product\/16115","targetHints":{"allow":["GET"]}}],"collection":[{"href":"https:\/\/www.propiusmagnarealty.com\/en\/wp-json\/wp\/v2\/product"}],"about":[{"href":"https:\/\/www.propiusmagnarealty.com\/en\/wp-json\/wp\/v2\/types\/product"}],"replies":[{"embeddable":true,"href":"https:\/\/www.propiusmagnarealty.com\/en\/wp-json\/wp\/v2\/comments?post=16115"}],"wp:featuredmedia":[{"embeddable":true,"href":"https:\/\/www.propiusmagnarealty.com\/en\/wp-json\/wp\/v2\/media\/15940"}],"wp:attachment":[{"href":"https:\/\/www.propiusmagnarealty.com\/en\/wp-json\/wp\/v2\/media?parent=16115"}],"wp:term":[{"taxonomy":"product_cat","embeddable":true,"href":"https:\/\/www.propiusmagnarealty.com\/en\/wp-json\/wp\/v2\/product_cat?post=16115"},{"taxonomy":"product_tag","embeddable":true,"href":"https:\/\/www.propiusmagnarealty.com\/en\/wp-json\/wp\/v2\/product_tag?post=16115"}],"curies":[{"name":"wp","href":"https:\/\/api.w.org\/{rel}","templated":true}]}}